{"id":13546,"date":"2022-07-01T14:37:49","date_gmt":"2022-07-01T14:37:49","guid":{"rendered":"https:\/\/casgasi.com\/?page_id=13546"},"modified":"2025-03-04T18:54:24","modified_gmt":"2025-03-04T17:54:24","slug":"site-note-disclaimer","status":"publish","type":"page","link":"https:\/\/casgasi.com\/es\/aviso-legal\/","title":{"rendered":"Aviso Legal"},"content":{"rendered":"<p>[av_textblock size=\u00bb font_color=\u00bb color=\u00bb av-medium-font-size=\u00bb av-small-font-size=\u00bb av-mini-font-size=\u00bb av_uid=&#8217;av-vrs4p0&#8242; custom_class=\u00bb admin_preview_bg=\u00bb]<\/p>\n<h2>Aviso Legal<\/h2>\n<p>Cas Gasy SL.<br \/>\nCamino Viejo de Sant Mateu s\/n<br \/>\n07814 Santa Gertrudis<\/p>\n<h3>Representado por:<\/h3>\n<p>Margaret von Korff<\/p>\n<h3>Contacto:<\/h3>\n<p>Tel\u00e9fono: +34 971 19 77 00<br \/>\nEmail: info@casgasi.com<\/p>\n<h3>N\u00famero de identificaci\u00f3n del IVA:<\/h3>\n<p>CIF: B07734825<\/p>\n<h3>Resoluci\u00f3n de conflictos:<\/h3>\n<p>La Comisi\u00f3n Europea proporciona una plataforma para la resoluci\u00f3n de disputas (OS) en l\u00ednea: https:\/\/ec.europa.eu\/consumers\/odr. Por favor encuentre nuestro correo electr\u00f3nico en este aviso legal.<\/p>\n<p>No tomamos parte en las resoluciones de disputas en l\u00ednea en las juntas de arbitraje de consumidores.<\/p>\n<h2>Responsabilidad<\/h2>\n<h3>Responsabilidad por los contenidos<\/h3>\n<p>Como proveedores de servicios, somos responsables de los contenidos propios de estos sitios web. Sin embargo, los proveedores de servicios no est\u00e1n obligados a controlar permanentemente la informaci\u00f3n enviada o almacenada ni a buscar pruebas que indiquen actividades ilegales.<\/p>\n<p>Las obligaciones legales de eliminar la informaci\u00f3n o bloquear su uso son indiscutibles. En este caso, la responsabilidad s\u00f3lo es posible en el momento en que se tiene conocimiento de una violaci\u00f3n espec\u00edfica de la ley. Los contenidos ilegales se eliminar\u00e1n inmediatamente en el momento en que tengamos conocimiento de ellos.<\/p>\n<h3>Responsabilidad por los enlaces<\/h3>\n<p>Nuestra oferta incluye enlaces a sitios web externos de terceros. No tenemos ninguna influencia sobre los contenidos de esas p\u00e1ginas web, por lo que no podemos garantizar dichos contenidos. Los proveedores o administradores de las p\u00e1ginas web enlazadas son siempre responsables de sus propios contenidos.<\/p>\n<p>Las p\u00e1ginas web enlazadas han sido revisadas para detectar posibles violaciones de la ley en el momento de establecer el enlace. No se detectaron contenidos ilegales en el momento de establecer el enlace. No se puede imponer un control permanente de los contenidos de las p\u00e1ginas web enlazadas sin que existan indicios razonables de que se ha producido una violaci\u00f3n de la ley. Los enlaces ilegales se eliminar\u00e1n inmediatamente en el momento en que tengamos conocimiento de ellos.<\/p>\n<h3>Derechos de autor<\/h3>\n<p>Los contenidos y recopilaciones publicados en estas p\u00e1ginas web por los proveedores est\u00e1n sujetos a la legislaci\u00f3n alemana sobre derechos de autor. La reproducci\u00f3n, edici\u00f3n y distribuci\u00f3n, as\u00ed como el uso de cualquier tipo fuera del \u00e1mbito de la ley de derechos de autor, requieren un permiso por escrito del autor o creador. Las descargas y copias de estas p\u00e1ginas web est\u00e1n permitidas \u00fanicamente para uso privado.<br \/>\nEst\u00e1 prohibido el uso comercial de nuestros contenidos sin el permiso del autor.<\/p>\n<p>Se respetan las leyes de derechos de autor de terceros siempre que los contenidos de estos sitios web no procedan del proveedor.<\/p>\n<h3>Derecho de informaci\u00f3n<\/h3>\n<p>A los efectos previstos en la Ley Org\u00e1nica de Protecci\u00f3n de Datos de Car\u00e1cter Personal, Cas Gasi le informa de la existencia de un fichero automatizado de car\u00e1cter personal creado por Cas Gasi.com y bajo su responsabilidad con la finalidad de actualizar y gestionar su relaci\u00f3n con los clientes que solicitan informaci\u00f3n o que han accedido a este sitio web a trav\u00e9s de los formularios electr\u00f3nicos o mediante mensajes de correo electr\u00f3nico. Esta base de datos ha sido registrada en la Agencia de Protecci\u00f3n de Datos.<\/p>\n<h3>Finalidad<\/h3>\n<p>Los datos que usted proporciona a Cas Gasi.com tienen como finalidad tramitar su solicitud, facilitarle la informaci\u00f3n y\/o servicios que requiera y ofrecerle nuevos servicios.<\/p>\n<h3>Consentimiento del usuario<\/h3>\n<p>El uso de los formularios mencionados, as\u00ed como el env\u00edo de una consulta por correo electr\u00f3nico, implica el consentimiento del remitente al tratamiento automatizado de los datos incluidos en las formas de comunicaci\u00f3n descritas. Los datos no ser\u00e1n cedidos a terceros. Salvo en los campos en que expresamente se indique lo contrario, el suministro de los datos personales solicitados es voluntario, sin que la negativa a suministrarlos perjudique la cantidad y calidad de los servicios solicitados por usted. La falta de cumplimentaci\u00f3n de los campos determinados como obligatorios o el suministro de datos incorrectos imposibilitar\u00e1 que Cas Gasi.com pueda prestarle los servicios seleccionados, gestionar su solicitud o remitirle la informaci\u00f3n solicitada.<\/p>\n<h3>Derecho de acceso<\/h3>\n<p>Puede ejercer sus derechos de acceso, rectificaci\u00f3n, cancelaci\u00f3n u oposici\u00f3n al tratamiento de sus datos personales, en los t\u00e9rminos y condiciones previstos en la LOPD. Para su comodidad, tambi\u00e9n puede ejercer los derechos mencionados anteriormente escribiendo a la siguiente direcci\u00f3n de correo electr\u00f3nico: info@casgasi.com. Cas Gasi.com no utiliza m\u00e9todos de spamming, nuestros usuarios no se registran por el simple hecho de visitar nuestra web. Cas Gasi.com s\u00f3lo tratar\u00e1 la informaci\u00f3n que nos proporcionen los usuarios a trav\u00e9s del correo electr\u00f3nico, o solicitando informaci\u00f3n sobre nuestros servicios profesionales.<\/p>\n<h3>Seguridad<\/h3>\n<p>Cas Gasi.com mantiene los niveles de seguridad de protecci\u00f3n de datos conforme al Real Decreto 994\/1999, de 11 de junio, relativo a las medidas de seguridad de los ficheros automatizados que contengan datos de car\u00e1cter personal, y emplea todas las medidas t\u00e9cnicas a su alcance para evitar la p\u00e9rdida, mal uso, alteraci\u00f3n, uso no autorizado y robo de los datos que usted facilite a Cas Gasi.com, sin perjuicio de que las medidas de seguridad en Internet no sean inexpugnables. En caso de cualquier consulta relacionada con la protecci\u00f3n de sus datos personales, p\u00f3ngase en contacto con nosotros en nuestra direcci\u00f3n de correo electr\u00f3nico info@casgasi.com.<br \/>\n[\/av_textblock]<\/p>\n<p>[av_postcontent link=&#8217;page,8530&#8242; av_uid=&#8217;av-l56w0tnj&#8217; custom_class=\u00bb]<\/p>","protected":false},"excerpt":{"rendered":"<p>[:]<\/p>\n","protected":false},"author":6,"featured_media":0,"parent":0,"menu_order":0,"comment_status":"closed","ping_status":"closed","template":"page-default.php","meta":{"footnotes":""},"class_list":["post-13546","page","type-page","status-publish","hentry"],"acf":[],"yoast_head":"<!-- This site is optimized with the Yoast SEO plugin v25.3.1 - https:\/\/yoast.com\/wordpress\/plugins\/seo\/ -->\n<title>Aviso Legal | Cas Gasi Agroturismo Ibiza<\/title>\n<meta name=\"description\" content=\"Aviso Legal\" \/>\n<meta name=\"robots\" content=\"index, follow, max-snippet:-1, max-image-preview:large, max-video-preview:-1\" \/>\n<link rel=\"canonical\" href=\"\/\" \/>\n<meta property=\"og:locale\" content=\"es_ES\" \/>\n<meta property=\"og:type\" content=\"article\" \/>\n<meta property=\"og:title\" content=\"Aviso Legal | Cas Gasi Agroturismo Ibiza\" \/>\n<meta property=\"og:description\" content=\"Aviso Legal\" \/>\n<meta property=\"og:url\" content=\"\/\" \/>\n<meta property=\"og:site_name\" content=\"Cas Gasi Agroturismo Ibiza\" \/>\n<meta property=\"article:publisher\" content=\"https:\/\/www.facebook.com\/Cas.Gasi.Ibiza\/\" \/>\n<meta property=\"article:modified_time\" content=\"2025-03-04T17:54:24+00:00\" \/>\n<meta name=\"twitter:card\" content=\"summary_large_image\" \/>\n<meta name=\"twitter:site\" content=\"@CasGasi_Ibiza\" \/>\n<meta name=\"twitter:label1\" content=\"Tiempo de lectura\" \/>\n\t<meta name=\"twitter:data1\" content=\"9 minutos\" \/>\n<script type=\"application\/ld+json\" class=\"yoast-schema-graph\">{\"@context\":\"https:\/\/schema.org\",\"@graph\":[{\"@type\":\"WebPage\",\"@id\":\"https:\/\/casgasi.com\/site-note-disclaimer\/\",\"url\":\"\/\",\"name\":\"[:en]Site note \/ Disclaimer[:es]Aviso Legal[:] | Cas Gasi Agroturismo Ibiza\",\"isPartOf\":{\"@id\":\"https:\/\/casgasi.com\/#website\"},\"datePublished\":\"2022-07-01T14:37:49+00:00\",\"dateModified\":\"2025-03-04T17:54:24+00:00\",\"description\":\"[:en]Site note \/ Disclaimer[:es]Aviso Legal[:]\",\"breadcrumb\":{\"@id\":\"\/#breadcrumb\"},\"inLanguage\":\"es\",\"potentialAction\":[{\"@type\":\"ReadAction\",\"target\":[\"\/\"]}]},{\"@type\":\"BreadcrumbList\",\"@id\":\"\/#breadcrumb\",\"itemListElement\":[{\"@type\":\"ListItem\",\"position\":1,\"name\":\"Home\",\"item\":\"https:\/\/casgasi.com\/\"},{\"@type\":\"ListItem\",\"position\":2,\"name\":\"Site note \/ Disclaimer\"}]},{\"@type\":\"WebSite\",\"@id\":\"https:\/\/casgasi.com\/#website\",\"url\":\"https:\/\/casgasi.com\/\",\"name\":\"Cas Gasi Agroturismo Ibiza\",\"description\":\"Pure Mediterranean Luxury\",\"publisher\":{\"@id\":\"https:\/\/casgasi.com\/#organization\"},\"potentialAction\":[{\"@type\":\"SearchAction\",\"target\":{\"@type\":\"EntryPoint\",\"urlTemplate\":\"https:\/\/casgasi.com\/?s={search_term_string}\"},\"query-input\":{\"@type\":\"PropertyValueSpecification\",\"valueRequired\":true,\"valueName\":\"search_term_string\"}}],\"inLanguage\":\"es\"},{\"@type\":\"Organization\",\"@id\":\"https:\/\/casgasi.com\/#organization\",\"name\":\"Cas Gasi Hotel Ibiza\",\"url\":\"https:\/\/casgasi.com\/\",\"logo\":{\"@type\":\"ImageObject\",\"inLanguage\":\"es\",\"@id\":\"https:\/\/casgasi.com\/#\/schema\/logo\/image\/\",\"url\":\"https:\/\/casgasi.com\/wp-content\/uploads\/2018\/01\/logo.png\",\"contentUrl\":\"https:\/\/casgasi.com\/wp-content\/uploads\/2018\/01\/logo.png\",\"width\":300,\"height\":191,\"caption\":\"Cas Gasi Hotel Ibiza\"},\"image\":{\"@id\":\"https:\/\/casgasi.com\/#\/schema\/logo\/image\/\"},\"sameAs\":[\"https:\/\/www.facebook.com\/Cas.Gasi.Ibiza\/\",\"https:\/\/x.com\/CasGasi_Ibiza\",\"http:\/\/instagram.com\/casgasi\",\"https:\/\/www.pinterest.com\/casgasi\/\"]}]}<\/script>\n<!-- \/ Yoast SEO plugin. -->","yoast_head_json":{"title":"[:en]Site note \/ Disclaimer[:es]Aviso Legal[:] | Cas Gasi Agroturismo Ibiza","description":"Aviso Legal","robots":{"index":"index","follow":"follow","max-snippet":"max-snippet:-1","max-image-preview":"max-image-preview:large","max-video-preview":"max-video-preview:-1"},"canonical":"\/","og_locale":"es_ES","og_type":"article","og_title":"Aviso Legal | Cas Gasi Agroturismo Ibiza","og_description":"Aviso Legal","og_url":"\/","og_site_name":"Cas Gasi Agroturismo Ibiza","article_publisher":"https:\/\/www.facebook.com\/Cas.Gasi.Ibiza\/","article_modified_time":"2025-03-04T17:54:24+00:00","twitter_card":"summary_large_image","twitter_site":"@CasGasi_Ibiza","twitter_misc":{"Tiempo de lectura":"9 minutos"},"schema":{"@context":"https:\/\/schema.org","@graph":[{"@type":"WebPage","@id":"https:\/\/casgasi.com\/site-note-disclaimer\/","url":"\/","name":"[:en]Site note \/ Disclaimer[:es]Aviso Legal[:] | Cas Gasi Agroturismo Ibiza","isPartOf":{"@id":"https:\/\/casgasi.com\/#website"},"datePublished":"2022-07-01T14:37:49+00:00","dateModified":"2025-03-04T17:54:24+00:00","description":"[:en]Site note \/ Disclaimer[:es]Aviso Legal[:]","breadcrumb":{"@id":"\/#breadcrumb"},"inLanguage":"es","potentialAction":[{"@type":"ReadAction","target":["\/"]}]},{"@type":"BreadcrumbList","@id":"\/#breadcrumb","itemListElement":[{"@type":"ListItem","position":1,"name":"Home","item":"https:\/\/casgasi.com\/"},{"@type":"ListItem","position":2,"name":"Site note \/ Disclaimer"}]},{"@type":"WebSite","@id":"https:\/\/casgasi.com\/#website","url":"https:\/\/casgasi.com\/","name":"Cas Gasi Agroturismo Ibiza","description":"Pure Mediterranean Luxury","publisher":{"@id":"https:\/\/casgasi.com\/#organization"},"potentialAction":[{"@type":"SearchAction","target":{"@type":"EntryPoint","urlTemplate":"https:\/\/casgasi.com\/?s={search_term_string}"},"query-input":{"@type":"PropertyValueSpecification","valueRequired":true,"valueName":"search_term_string"}}],"inLanguage":"es"},{"@type":"Organization","@id":"https:\/\/casgasi.com\/#organization","name":"Cas Gasi Hotel Ibiza","url":"https:\/\/casgasi.com\/","logo":{"@type":"ImageObject","inLanguage":"es","@id":"https:\/\/casgasi.com\/#\/schema\/logo\/image\/","url":"https:\/\/casgasi.com\/wp-content\/uploads\/2018\/01\/logo.png","contentUrl":"https:\/\/casgasi.com\/wp-content\/uploads\/2018\/01\/logo.png","width":300,"height":191,"caption":"Cas Gasi Hotel Ibiza"},"image":{"@id":"https:\/\/casgasi.com\/#\/schema\/logo\/image\/"},"sameAs":["https:\/\/www.facebook.com\/Cas.Gasi.Ibiza\/","https:\/\/x.com\/CasGasi_Ibiza","http:\/\/instagram.com\/casgasi","https:\/\/www.pinterest.com\/casgasi\/"]}]}},"_links":{"self":[{"href":"https:\/\/casgasi.com\/es\/wp-json\/wp\/v2\/pages\/13546"}],"collection":[{"href":"https:\/\/casgasi.com\/es\/wp-json\/wp\/v2\/pages"}],"about":[{"href":"https:\/\/casgasi.com\/es\/wp-json\/wp\/v2\/types\/page"}],"author":[{"embeddable":true,"href":"https:\/\/casgasi.com\/es\/wp-json\/wp\/v2\/users\/6"}],"replies":[{"embeddable":true,"href":"https:\/\/casgasi.com\/es\/wp-json\/wp\/v2\/comments?post=13546"}],"version-history":[{"count":8,"href":"https:\/\/casgasi.com\/es\/wp-json\/wp\/v2\/pages\/13546\/revisions"}],"predecessor-version":[{"id":16369,"href":"https:\/\/casgasi.com\/es\/wp-json\/wp\/v2\/pages\/13546\/revisions\/16369"}],"wp:attachment":[{"href":"https:\/\/casgasi.com\/es\/wp-json\/wp\/v2\/media?parent=13546"}],"curies":[{"name":"wp","href":"https:\/\/api.w.org\/{rel}","templated":true}]}}